{"id":949,"date":"2022-12-14T17:24:38","date_gmt":"2022-12-14T16:24:38","guid":{"rendered":"https:\/\/clsm.epn-agglo.fr\/?page_id=949"},"modified":"2023-06-30T16:05:51","modified_gmt":"2023-06-30T14:05:51","slug":"actualite","status":"publish","type":"page","link":"https:\/\/clsm.epn-agglo.fr\/?page_id=949","title":{"rendered":"Actualite"},"content":{"rendered":"\t\t<div data-elementor-type=\"wp-page\" data-elementor-id=\"949\" class=\"elementor elementor-949\">\n\t\t\t\t\t\t<section class=\"elementor-section elementor-top-section elementor-element elementor-element-a2c97d2 elementor-section-boxed elementor-section-height-default elementor-section-height-default\" data-id=\"a2c97d2\" data-element_type=\"section\" data-e-type=\"section\" data-settings=\"{&quot;background_background&quot;:&quot;classic&quot;}\">\n\t\t\t\t\t\t<div class=\"elementor-container elementor-column-gap-default\">\n\t\t\t\t\t<div class=\"elementor-column elementor-col-100 elementor-top-column elementor-element elementor-element-4b9cdc8\" data-id=\"4b9cdc8\" data-element_type=\"column\" data-e-type=\"column\">\n\t\t\t<div class=\"elementor-widget-wrap elementor-element-populated\">\n\t\t\t\t\t\t<div class=\"elementor-element elementor-element-641d85d elementor-widget elementor-widget-spacer\" data-id=\"641d85d\" data-element_type=\"widget\" data-e-type=\"widget\" data-widget_type=\"spacer.default\">\n\t\t\t\t<div class=\"elementor-widget-container\">\n\t\t\t\t\t\t\t<div class=\"elementor-spacer\">\n\t\t\t<div class=\"elementor-spacer-inner\"><\/div>\n\t\t<\/div>\n\t\t\t\t\t\t<\/div>\n\t\t\t\t<\/div>\n\t\t\t\t<div class=\"elementor-element elementor-element-ea09612 elementor-invisible elementor-widget elementor-widget-heading\" data-id=\"ea09612\" data-element_type=\"widget\" data-e-type=\"widget\" data-settings=\"{&quot;_animation&quot;:&quot;fadeInDown&quot;,&quot;_animation_delay&quot;:100}\" data-widget_type=\"heading.default\">\n\t\t\t\t<div class=\"elementor-widget-container\">\n\t\t\t\t\t<h1 class=\"elementor-heading-title elementor-size-default\">Actualit\u00e9s<\/h1>\t\t\t\t<\/div>\n\t\t\t\t<\/div>\n\t\t\t\t<div class=\"elementor-element elementor-element-66dea4f elementor-widget elementor-widget-spacer\" data-id=\"66dea4f\" data-element_type=\"widget\" data-e-type=\"widget\" data-widget_type=\"spacer.default\">\n\t\t\t\t<div class=\"elementor-widget-container\">\n\t\t\t\t\t\t\t<div class=\"elementor-spacer\">\n\t\t\t<div class=\"elementor-spacer-inner\"><\/div>\n\t\t<\/div>\n\t\t\t\t\t\t<\/div>\n\t\t\t\t<\/div>\n\t\t\t\t\t<\/div>\n\t\t<\/div>\n\t\t\t\t\t<\/div>\n\t\t<\/section>\n\t\t\t\t<section class=\"elementor-section elementor-top-section elementor-element elementor-element-8b67452 elementor-section-boxed elementor-section-height-default elementor-section-height-default\" data-id=\"8b67452\" data-element_type=\"section\" data-e-type=\"section\">\n\t\t\t\t\t\t<div class=\"elementor-container elementor-column-gap-default\">\n\t\t\t\t\t<div class=\"elementor-column elementor-col-100 elementor-top-column elementor-element elementor-element-85e58e4\" data-id=\"85e58e4\" data-element_type=\"column\" data-e-type=\"column\">\n\t\t\t<div class=\"elementor-widget-wrap elementor-element-populated\">\n\t\t\t\t\t\t<div class=\"elementor-element elementor-element-ae56cb9 elementor-widget elementor-widget-heading\" data-id=\"ae56cb9\" data-element_type=\"widget\" data-e-type=\"widget\" data-widget_type=\"heading.default\">\n\t\t\t\t<div class=\"elementor-widget-container\">\n\t\t\t\t\t<h2 class=\"elementor-heading-title elementor-size-default\">\u00e9v\u00e9nement<\/h2>\t\t\t\t<\/div>\n\t\t\t\t<\/div>\n\t\t\t\t<div class=\"elementor-element elementor-element-6f52dbc elementor-widget elementor-widget-blog-grids\" data-id=\"6f52dbc\" data-element_type=\"widget\" data-e-type=\"widget\" data-widget_type=\"blog-grids.default\">\n\t\t\t\t<div class=\"elementor-widget-container\">\n\t\t\t\t\t<div class=\"lp-section-content-container lp-section-content-container-style3\"><div class=\"col-md-3 col-sm-3 lp-blog-style3\">\n                                    <div class=\"lp-blog-grid-box-container\">\n                                        <div class=\"lp-blog-grid-box-thumb\">\n                                            <a href=\"https:\/\/clsm.epn-agglo.fr\/?p=2842\">\n                                                <img decoding=\"async\" src=\"https:\/\/clsm.epn-agglo.fr\/wp-content\/uploads\/2023\/06\/photo-spectacle-270x270-1.png\" alt=\"blog-grid-1-270x270\" \/>\n                                            <\/a>\n                                        <\/div>\n                                        <div class=\"lp-blog-grid-box-description text-center\">\n                                                \n                                                <div class=\"lp-blog-grid-title\">\n                                                    <h4 class=\"lp-h4\">\n                                                        <a href=\"https:\/\/clsm.epn-agglo.fr\/?p=2842\">Tous au th\u00e9\u00e2tre : Les Pas Perdus<\/a>\n                                                    <\/h4>\n                                                <\/div>\n                                               \n                                        <\/div>\n                                    <\/div>\n                                <\/div><div class=\"col-md-3 col-sm-3 lp-blog-style3\">\n                                    <div class=\"lp-blog-grid-box-container\">\n                                        <div class=\"lp-blog-grid-box-thumb\">\n                                            <a href=\"https:\/\/clsm.epn-agglo.fr\/?p=157\">\n                                                <img decoding=\"async\" src=\"https:\/\/clsm.epn-agglo.fr\/wp-content\/uploads\/2022\/07\/progress.png\" alt=\"blog-grid-1-270x270\" \/>\n                                            <\/a>\n                                        <\/div>\n                                        <div class=\"lp-blog-grid-box-description text-center\">\n                                                \n                                                <div class=\"lp-blog-grid-title\">\n                                                    <h4 class=\"lp-h4\">\n                                                        <a href=\"https:\/\/clsm.epn-agglo.fr\/?p=157\">tir\u00e9 du monde : Les titres de s\u00e9jour pour soins\u00a0: c\u2019\u00e9tait mieux avant\u00a0?\u00a0<\/a>\n                                                    <\/h4>\n                                                <\/div>\n                                               \n                                        <\/div>\n                                    <\/div>\n                                <\/div><div class=\"clearfix\"><\/div><\/div>\t\t\t\t<\/div>\n\t\t\t\t<\/div>\n\t\t\t\t<div class=\"elementor-element elementor-element-f3a6f1d elementor-widget elementor-widget-heading\" data-id=\"f3a6f1d\" data-element_type=\"widget\" data-e-type=\"widget\" data-widget_type=\"heading.default\">\n\t\t\t\t<div class=\"elementor-widget-container\">\n\t\t\t\t\t<h2 class=\"elementor-heading-title elementor-size-default\">initiatives<\/h2>\t\t\t\t<\/div>\n\t\t\t\t<\/div>\n\t\t\t\t<div class=\"elementor-element elementor-element-5dbc7d2 elementor-widget elementor-widget-blog-grids\" data-id=\"5dbc7d2\" data-element_type=\"widget\" data-e-type=\"widget\" data-widget_type=\"blog-grids.default\">\n\t\t\t\t<div class=\"elementor-widget-container\">\n\t\t\t\t\t<div class=\"lp-section-content-container lp-section-content-container-style3\"><div class=\"col-md-3 col-sm-3 lp-blog-style3\">\n                                    <div class=\"lp-blog-grid-box-container\">\n                                        <div class=\"lp-blog-grid-box-thumb\">\n                                            <a href=\"https:\/\/clsm.epn-agglo.fr\/?p=428\">\n                                                <img decoding=\"async\" src=\"https:\/\/clsm.epn-agglo.fr\/wp-content\/uploads\/2022\/11\/head-liquid.svg\" alt=\"blog-grid-1-270x270\" \/>\n                                            <\/a>\n                                        <\/div>\n                                        <div class=\"lp-blog-grid-box-description text-center\">\n                                                \n                                                <div class=\"lp-blog-grid-title\">\n                                                    <h4 class=\"lp-h4\">\n                                                        <a href=\"https:\/\/clsm.epn-agglo.fr\/?p=428\">Where<\/a>\n                                                    <\/h4>\n                                                <\/div>\n                                               \n                                        <\/div>\n                                    <\/div>\n                                <\/div><div class=\"col-md-3 col-sm-3 lp-blog-style3\">\n                                    <div class=\"lp-blog-grid-box-container\">\n                                        <div class=\"lp-blog-grid-box-thumb\">\n                                            <a href=\"https:\/\/clsm.epn-agglo.fr\/?p=160\">\n                                                <img decoding=\"async\" src=\"https:\/\/clsm.epn-agglo.fr\/wp-content\/uploads\/2022\/07\/association.jpg\" alt=\"blog-grid-1-270x270\" \/>\n                                            <\/a>\n                                        <\/div>\n                                        <div class=\"lp-blog-grid-box-description text-center\">\n                                                \n                                                <div class=\"lp-blog-grid-title\">\n                                                    <h4 class=\"lp-h4\">\n                                                        <a href=\"https:\/\/clsm.epn-agglo.fr\/?p=160\">Tir\u00e9 du Monde: Les titres de s\u00e9jour pour soins\u00a0: c\u2019\u00e9tait mieux avant\u00a0?\u00a0<\/a>\n                                                    <\/h4>\n                                                <\/div>\n                                               \n                                        <\/div>\n                                    <\/div>\n                                <\/div><div class=\"clearfix\"><\/div><\/div>\t\t\t\t<\/div>\n\t\t\t\t<\/div>\n\t\t\t\t<div class=\"elementor-element elementor-element-4c8b120 elementor-widget elementor-widget-heading\" data-id=\"4c8b120\" data-element_type=\"widget\" data-e-type=\"widget\" data-widget_type=\"heading.default\">\n\t\t\t\t<div class=\"elementor-widget-container\">\n\t\t\t\t\t<h2 class=\"elementor-heading-title elementor-size-default\">formations<\/h2>\t\t\t\t<\/div>\n\t\t\t\t<\/div>\n\t\t\t\t<div class=\"elementor-element elementor-element-4f6a7d4 elementor-widget elementor-widget-blog-grids\" data-id=\"4f6a7d4\" data-element_type=\"widget\" data-e-type=\"widget\" data-widget_type=\"blog-grids.default\">\n\t\t\t\t<div class=\"elementor-widget-container\">\n\t\t\t\t\t<div class=\"lp-section-content-container lp-section-content-container-style3\"><div class=\"col-md-3 col-sm-3 lp-blog-style3\">\n                                    <div class=\"lp-blog-grid-box-container\">\n                                        <div class=\"lp-blog-grid-box-thumb\">\n                                            <a href=\"https:\/\/clsm.epn-agglo.fr\/?p=2867\">\n                                                <img decoding=\"async\" src=\"https:\/\/clsm.epn-agglo.fr\/wp-content\/uploads\/2023\/06\/formation-272x300.png\" alt=\"blog-grid-1-270x270\" \/>\n                                            <\/a>\n                                        <\/div>\n                                        <div class=\"lp-blog-grid-box-description text-center\">\n                                                \n                                                <div class=\"lp-blog-grid-title\">\n                                                    <h4 class=\"lp-h4\">\n                                                        <a href=\"https:\/\/clsm.epn-agglo.fr\/?p=2867\">Formation en accueil de la parole de l&#8217;enfant bas\u00e9e sur le protocole NICHD<\/a>\n                                                    <\/h4>\n                                                <\/div>\n                                               \n                                        <\/div>\n                                    <\/div>\n                                <\/div><div class=\"clearfix\"><\/div><\/div>\t\t\t\t<\/div>\n\t\t\t\t<\/div>\n\t\t\t\t<div class=\"elementor-element elementor-element-49a0720 elementor-widget elementor-widget-heading\" data-id=\"49a0720\" data-element_type=\"widget\" data-e-type=\"widget\" data-widget_type=\"heading.default\">\n\t\t\t\t<div class=\"elementor-widget-container\">\n\t\t\t\t\t<h2 class=\"elementor-heading-title elementor-size-default\">non class\u00e9<\/h2>\t\t\t\t<\/div>\n\t\t\t\t<\/div>\n\t\t\t\t<div class=\"elementor-element elementor-element-eaf1437 elementor-widget elementor-widget-blog-grids\" data-id=\"eaf1437\" data-element_type=\"widget\" data-e-type=\"widget\" data-widget_type=\"blog-grids.default\">\n\t\t\t\t<div class=\"elementor-widget-container\">\n\t\t\t\t\t<div class=\"lp-section-content-container lp-section-content-container-style3\"><div class=\"col-md-3 col-sm-3 lp-blog-style3\">\n                                    <div class=\"lp-blog-grid-box-container\">\n                                        <div class=\"lp-blog-grid-box-thumb\">\n                                            <a href=\"https:\/\/clsm.epn-agglo.fr\/?p=2618\">\n                                                <img decoding=\"async\" src=\"https:\/\/clsm.epn-agglo.fr\/wp-content\/uploads\/2023\/06\/illustration-4-272x300.png\" alt=\"blog-grid-1-270x270\" \/>\n                                            <\/a>\n                                        <\/div>\n                                        <div class=\"lp-blog-grid-box-description text-center\">\n                                                \n                                                <div class=\"lp-blog-grid-title\">\n                                                    <h4 class=\"lp-h4\">\n                                                        <a href=\"https:\/\/clsm.epn-agglo.fr\/?p=2618\">Comprendre la schizophr\u00e9nie: D\u00e9mystifier les troubles de la sant\u00e9 mentale<\/a>\n                                                    <\/h4>\n                                                <\/div>\n                                               \n                                        <\/div>\n                                    <\/div>\n                                <\/div><div class=\"clearfix\"><\/div><\/div>\t\t\t\t<\/div>\n\t\t\t\t<\/div>\n\t\t\t\t\t<\/div>\n\t\t<\/div>\n\t\t\t\t\t<\/div>\n\t\t<\/section>\n\t\t\t\t<\/div>\n\t\t","protected":false},"excerpt":{"rendered":"<p>Actualit\u00e9s \u00e9v\u00e9nement initiatives formations non class\u00e9<\/p>\n","protected":false},"author":1,"featured_media":0,"parent":0,"menu_order":0,"comment_status":"closed","ping_status":"closed","template":"","meta":{"_acf_changed":false,"footnotes":""},"class_list":["post-949","page","type-page","status-publish","hentry"],"acf":[],"yoast_head":"<!-- This site is optimized with the Yoast SEO plugin v27.6 - https:\/\/yoast.com\/product\/yoast-seo-wordpress\/ -->\n<title>Actualite - CLSM evreux<\/title>\n<meta name=\"robots\" content=\"index, follow, max-snippet:-1, max-image-preview:large, max-video-preview:-1\" \/>\n<link rel=\"canonical\" href=\"https:\/\/clsm.epn-agglo.fr\/?page_id=949\" \/>\n<meta property=\"og:locale\" content=\"fr_FR\" \/>\n<meta property=\"og:type\" content=\"article\" \/>\n<meta property=\"og:title\" content=\"Actualite - CLSM evreux\" \/>\n<meta property=\"og:description\" content=\"Actualit\u00e9s \u00e9v\u00e9nement initiatives formations non class\u00e9\" \/>\n<meta property=\"og:url\" content=\"https:\/\/clsm.epn-agglo.fr\/?page_id=949\" \/>\n<meta property=\"og:site_name\" content=\"CLSM evreux\" \/>\n<meta property=\"article:modified_time\" content=\"2023-06-30T14:05:51+00:00\" \/>\n<meta name=\"twitter:card\" content=\"summary_large_image\" \/>\n<meta name=\"twitter:label1\" content=\"Dur\u00e9e de lecture estim\u00e9e\" \/>\n\t<meta name=\"twitter:data1\" content=\"2 minutes\" \/>\n<script type=\"application\/ld+json\" class=\"yoast-schema-graph\">{\"@context\":\"https:\\\/\\\/schema.org\",\"@graph\":[{\"@type\":\"WebPage\",\"@id\":\"https:\\\/\\\/clsm.epn-agglo.fr\\\/?page_id=949\",\"url\":\"https:\\\/\\\/clsm.epn-agglo.fr\\\/?page_id=949\",\"name\":\"Actualite - CLSM evreux\",\"isPartOf\":{\"@id\":\"https:\\\/\\\/clsm.epn-agglo.fr\\\/#website\"},\"datePublished\":\"2022-12-14T16:24:38+00:00\",\"dateModified\":\"2023-06-30T14:05:51+00:00\",\"breadcrumb\":{\"@id\":\"https:\\\/\\\/clsm.epn-agglo.fr\\\/?page_id=949#breadcrumb\"},\"inLanguage\":\"fr-FR\",\"potentialAction\":[{\"@type\":\"ReadAction\",\"target\":[\"https:\\\/\\\/clsm.epn-agglo.fr\\\/?page_id=949\"]}]},{\"@type\":\"BreadcrumbList\",\"@id\":\"https:\\\/\\\/clsm.epn-agglo.fr\\\/?page_id=949#breadcrumb\",\"itemListElement\":[{\"@type\":\"ListItem\",\"position\":1,\"name\":\"Accueil\",\"item\":\"https:\\\/\\\/clsm.epn-agglo.fr\\\/\"},{\"@type\":\"ListItem\",\"position\":2,\"name\":\"Actualite\"}]},{\"@type\":\"WebSite\",\"@id\":\"https:\\\/\\\/clsm.epn-agglo.fr\\\/#website\",\"url\":\"https:\\\/\\\/clsm.epn-agglo.fr\\\/\",\"name\":\"CLSM evreux\",\"description\":\"\",\"publisher\":{\"@id\":\"https:\\\/\\\/clsm.epn-agglo.fr\\\/#organization\"},\"potentialAction\":[{\"@type\":\"SearchAction\",\"target\":{\"@type\":\"EntryPoint\",\"urlTemplate\":\"https:\\\/\\\/clsm.epn-agglo.fr\\\/?s={search_term_string}\"},\"query-input\":{\"@type\":\"PropertyValueSpecification\",\"valueRequired\":true,\"valueName\":\"search_term_string\"}}],\"inLanguage\":\"fr-FR\"},{\"@type\":\"Organization\",\"@id\":\"https:\\\/\\\/clsm.epn-agglo.fr\\\/#organization\",\"name\":\"CLSM evreux\",\"url\":\"https:\\\/\\\/clsm.epn-agglo.fr\\\/\",\"logo\":{\"@type\":\"ImageObject\",\"inLanguage\":\"fr-FR\",\"@id\":\"https:\\\/\\\/clsm.epn-agglo.fr\\\/#\\\/schema\\\/logo\\\/image\\\/\",\"url\":\"https:\\\/\\\/clsm.epn-agglo.fr\\\/wp-content\\\/uploads\\\/2023\\\/06\\\/new-logo.svg\",\"contentUrl\":\"https:\\\/\\\/clsm.epn-agglo.fr\\\/wp-content\\\/uploads\\\/2023\\\/06\\\/new-logo.svg\",\"width\":289,\"height\":252,\"caption\":\"CLSM evreux\"},\"image\":{\"@id\":\"https:\\\/\\\/clsm.epn-agglo.fr\\\/#\\\/schema\\\/logo\\\/image\\\/\"}}]}<\/script>\n<!-- \/ Yoast SEO plugin. -->","yoast_head_json":{"title":"Actualite - CLSM evreux","robots":{"index":"index","follow":"follow","max-snippet":"max-snippet:-1","max-image-preview":"max-image-preview:large","max-video-preview":"max-video-preview:-1"},"canonical":"https:\/\/clsm.epn-agglo.fr\/?page_id=949","og_locale":"fr_FR","og_type":"article","og_title":"Actualite - CLSM evreux","og_description":"Actualit\u00e9s \u00e9v\u00e9nement initiatives formations non class\u00e9","og_url":"https:\/\/clsm.epn-agglo.fr\/?page_id=949","og_site_name":"CLSM evreux","article_modified_time":"2023-06-30T14:05:51+00:00","twitter_card":"summary_large_image","twitter_misc":{"Dur\u00e9e de lecture estim\u00e9e":"2 minutes"},"schema":{"@context":"https:\/\/schema.org","@graph":[{"@type":"WebPage","@id":"https:\/\/clsm.epn-agglo.fr\/?page_id=949","url":"https:\/\/clsm.epn-agglo.fr\/?page_id=949","name":"Actualite - CLSM evreux","isPartOf":{"@id":"https:\/\/clsm.epn-agglo.fr\/#website"},"datePublished":"2022-12-14T16:24:38+00:00","dateModified":"2023-06-30T14:05:51+00:00","breadcrumb":{"@id":"https:\/\/clsm.epn-agglo.fr\/?page_id=949#breadcrumb"},"inLanguage":"fr-FR","potentialAction":[{"@type":"ReadAction","target":["https:\/\/clsm.epn-agglo.fr\/?page_id=949"]}]},{"@type":"BreadcrumbList","@id":"https:\/\/clsm.epn-agglo.fr\/?page_id=949#breadcrumb","itemListElement":[{"@type":"ListItem","position":1,"name":"Accueil","item":"https:\/\/clsm.epn-agglo.fr\/"},{"@type":"ListItem","position":2,"name":"Actualite"}]},{"@type":"WebSite","@id":"https:\/\/clsm.epn-agglo.fr\/#website","url":"https:\/\/clsm.epn-agglo.fr\/","name":"CLSM evreux","description":"","publisher":{"@id":"https:\/\/clsm.epn-agglo.fr\/#organization"},"potentialAction":[{"@type":"SearchAction","target":{"@type":"EntryPoint","urlTemplate":"https:\/\/clsm.epn-agglo.fr\/?s={search_term_string}"},"query-input":{"@type":"PropertyValueSpecification","valueRequired":true,"valueName":"search_term_string"}}],"inLanguage":"fr-FR"},{"@type":"Organization","@id":"https:\/\/clsm.epn-agglo.fr\/#organization","name":"CLSM evreux","url":"https:\/\/clsm.epn-agglo.fr\/","logo":{"@type":"ImageObject","inLanguage":"fr-FR","@id":"https:\/\/clsm.epn-agglo.fr\/#\/schema\/logo\/image\/","url":"https:\/\/clsm.epn-agglo.fr\/wp-content\/uploads\/2023\/06\/new-logo.svg","contentUrl":"https:\/\/clsm.epn-agglo.fr\/wp-content\/uploads\/2023\/06\/new-logo.svg","width":289,"height":252,"caption":"CLSM evreux"},"image":{"@id":"https:\/\/clsm.epn-agglo.fr\/#\/schema\/logo\/image\/"}}]}},"_links":{"self":[{"href":"https:\/\/clsm.epn-agglo.fr\/index.php?rest_route=\/wp\/v2\/pages\/949","targetHints":{"allow":["GET"]}}],"collection":[{"href":"https:\/\/clsm.epn-agglo.fr\/index.php?rest_route=\/wp\/v2\/pages"}],"about":[{"href":"https:\/\/clsm.epn-agglo.fr\/index.php?rest_route=\/wp\/v2\/types\/page"}],"author":[{"embeddable":true,"href":"https:\/\/clsm.epn-agglo.fr\/index.php?rest_route=\/wp\/v2\/users\/1"}],"replies":[{"embeddable":true,"href":"https:\/\/clsm.epn-agglo.fr\/index.php?rest_route=%2Fwp%2Fv2%2Fcomments&post=949"}],"version-history":[{"count":70,"href":"https:\/\/clsm.epn-agglo.fr\/index.php?rest_route=\/wp\/v2\/pages\/949\/revisions"}],"predecessor-version":[{"id":3247,"href":"https:\/\/clsm.epn-agglo.fr\/index.php?rest_route=\/wp\/v2\/pages\/949\/revisions\/3247"}],"wp:attachment":[{"href":"https:\/\/clsm.epn-agglo.fr\/index.php?rest_route=%2Fwp%2Fv2%2Fmedia&parent=949"}],"curies":[{"name":"wp","href":"https:\/\/api.w.org\/{rel}","templated":true}]}}